{"id":557,"date":"2022-09-09T12:23:08","date_gmt":"2022-09-09T10:23:08","guid":{"rendered":"https:\/\/sauveurgasparine.com\/atelier\/?post_type=product&#038;p=557"},"modified":"2022-09-09T12:25:23","modified_gmt":"2022-09-09T10:25:23","slug":"set-4-aces-rider-tarot-cards-art-imprimable-digital-painting","status":"publish","type":"product","link":"https:\/\/sauveurgasparine.com\/atelier\/produit\/set-4-aces-rider-tarot-cards-art-imprimable-digital-painting\/","title":{"rendered":"Set 4 Aces Rider Tarot Cards | ART Imprimable | Digital Painting"},"content":{"rendered":"<p>CONCEPT ART, DIGITAL PAINTER, AI ARTIST<br \/>\nBienvenue \u00e0 l&#8217;Atelier SAUVEUR GASPARINE ! Une s\u00e9lection unique d\u2019art num\u00e9rique t\u00e9l\u00e9chargeable et imprimable.<\/p>\n<p>ACHAT &amp; T\u00c9L\u00c9CHARGEMENT<\/p>\n<p>Veuillez noter qu\u2019il s\u2019agit de fichiers num\u00e9riques &#8211; aucun article physique ne vous sera exp\u00e9di\u00e9.<\/p>\n<p>3 fichiers JPEG de haute qualit\u00e9 (HD) sera disponible au t\u00e9l\u00e9chargement imm\u00e9diatement apr\u00e8s avoir pass\u00e9 votre commande.<\/p>\n<p>Notez qu&#8217;avec le fichier vous aurez la possibilit\u00e9 d&#8217;imprimer toutes les tailles possibles jusqu&#8217;\u00e0 120cmx83cm. Pour un rendu optimum pensez \u00e0 rester dans un format homoth\u00e9tique au format original.<\/p>\n","protected":false},"excerpt":{"rendered":"<p>CONCEPT ART, DIGITAL PAINTER, AI ARTIST<br \/>\nBienvenue \u00e0 l&#8217;Atelier SAUVEUR GASPARINE ! Une s\u00e9lection unique d\u2019art num\u00e9rique t\u00e9l\u00e9chargeable et imprimable (jusqu&#8217;\u00e0 120cmx83cm).<\/p>\n","protected":false},"featured_media":561,"comment_status":"closed","ping_status":"closed","template":"","meta":[],"product_cat":[23],"product_tag":[],"class_list":["post-557","product","type-product","status-publish","has-post-thumbnail","hentry","product_cat-art-imprimable"],"_links":{"self":[{"href":"https:\/\/sauveurgasparine.com\/atelier\/wp-json\/wp\/v3\/product\/557","targetHints":{"allow":["GET"]}}],"collection":[{"href":"https:\/\/sauveurgasparine.com\/atelier\/wp-json\/wp\/v3\/product"}],"about":[{"href":"https:\/\/sauveurgasparine.com\/atelier\/wp-json\/wp\/v2\/types\/product"}],"replies":[{"embeddable":true,"href":"https:\/\/sauveurgasparine.com\/atelier\/wp-json\/wp\/v2\/comments?post=557"}],"version-history":[{"count":1,"href":"https:\/\/sauveurgasparine.com\/atelier\/wp-json\/wp\/v3\/product\/557\/revisions"}],"predecessor-version":[{"id":563,"href":"https:\/\/sauveurgasparine.com\/atelier\/wp-json\/wp\/v3\/product\/557\/revisions\/563"}],"wp:featuredmedia":[{"embeddable":true,"href":"https:\/\/sauveurgasparine.com\/atelier\/wp-json\/wp\/v2\/media\/561"}],"wp:attachment":[{"href":"https:\/\/sauveurgasparine.com\/atelier\/wp-json\/wp\/v2\/media?parent=557"}],"wp:term":[{"taxonomy":"product_cat","embeddable":true,"href":"https:\/\/sauveurgasparine.com\/atelier\/wp-json\/wp\/v2\/product_cat?post=557"},{"taxonomy":"product_tag","embeddable":true,"href":"https:\/\/sauveurgasparine.com\/atelier\/wp-json\/wp\/v2\/product_tag?post=557"}],"curies":[{"name":"wp","href":"https:\/\/api.w.org\/{rel}","templated":true}]}}